{"id":1241,"date":"2024-01-29T10:45:31","date_gmt":"2024-01-29T08:45:31","guid":{"rendered":"https:\/\/fashionedproject.eu\/elearning\/"},"modified":"2025-12-03T15:06:29","modified_gmt":"2025-12-03T13:06:29","slug":"elearning","status":"publish","type":"page","link":"https:\/\/fashionedproject.eu\/es\/elearning\/","title":{"rendered":"E-Learning"},"content":{"rendered":"<!--themify_builder_content-->\n<div id=\"themify_builder_content-1241\" data-postid=\"1241\" class=\"themify_builder_content themify_builder_content-1241 themify_builder tf_clear\">\n    \t\t\t\t<!-- module_row -->\n\t\t<div  data-css_id=\"1svs209\" data-lazy=\"1\" class=\"module_row themify_builder_row fullwidth tb_1svs209 tb_first tf_w tf_clearfix\">\n\t\t\t\t\t<div class=\"row_inner col_align_top tb_col_count_1 tf_box tf_rel\">\n\t\t\t\t\t<div  data-lazy=\"1\" class=\"module_column tb-column col-full tb_czkj209 first\">\n\t\t\t\t\t\t\t\t\t<div class=\"tb-column-inner tf_box tf_w\">\n\t\t\t\t<!-- module image -->\n<div  class=\"module module-image tb_wl10323   image-top auto_fullwidth tf_mw\" data-lazy=\"1\">\n        <div class=\"image-wrap tf_rel tf_mw\">\n\t\t    <img loading=\"lazy\" decoding=\"async\" width=\"1600\" height=\"344\" src=\"https:\/\/fashionedproject.eu\/wp-content\/uploads\/2025\/12\/gr-6.png\" class=\"wp-post-image wp-image-3799\" title=\"gr (6)\" alt=\"gr (6)\" srcset=\"https:\/\/fashionedproject.eu\/wp-content\/uploads\/2025\/12\/gr-6.png 1600w, https:\/\/fashionedproject.eu\/wp-content\/uploads\/2025\/12\/gr-6-300x65.png 300w, https:\/\/fashionedproject.eu\/wp-content\/uploads\/2025\/12\/gr-6-1024x220.png 1024w, https:\/\/fashionedproject.eu\/wp-content\/uploads\/2025\/12\/gr-6-768x165.png 768w, https:\/\/fashionedproject.eu\/wp-content\/uploads\/2025\/12\/gr-6-1536x330.png 1536w\" sizes=\"auto, (max-width: 1600px) 100vw, 1600px\" \/>\t\n\t\t<\/div>\n\t<!-- \/image-wrap -->\n    \n    \t<\/div>\n<!-- \/module image -->\t\t\t\t<\/div><!-- .tb-column-inner -->\n\t\t\t\t\t\t<\/div><!-- .module_column -->\n\t\t\t\t\t\t<\/div><!-- .row_inner -->\n\t\t<\/div><!-- .module_row -->\n\t\t\t\t\t\t\t\t<!-- module_row -->\n\t\t<div  data-css_id=\"tp2w245\" data-lazy=\"1\" class=\"module_row themify_builder_row fullwidth tb_tp2w245 tf_w tf_clearfix\">\n\t\t\t\t\t<div class=\"row_inner col_align_top tb_col_count_2 tf_box tf_rel\">\n\t\t\t\t\t<div  data-lazy=\"1\" class=\"module_column tb-column col4-3 tb_e93n246 first\">\n\t\t\t\t\t\t\t\t\t<div class=\"tb-column-inner tf_box tf_w\">\n\t\t\t\t<!-- module text -->\n<div  class=\"module module-text tb_64qo246   \" data-lazy=\"1\">\n        <div  class=\"tb_text_wrap\">\n    <p>El curso en l\u00ednea est\u00e1 pensado para estudiantes y profesionales de la moda y el textil interesados en el ecodise\u00f1o. Ofrece materiales atractivos, incluidos estudios de casos centrados en pr\u00e1cticas sostenibles. Su realizaci\u00f3n mejora la comprensi\u00f3n de los conceptos de ecodise\u00f1o, mejora las competencias en procesos sostenibles y fomenta la adopci\u00f3n de pr\u00e1cticas respetuosas con el medio ambiente en la industria textil y de la moda.<\/p>    <\/div>\n<\/div>\n<!-- \/module text --><!-- module text -->\n<div  class=\"module module-text tb_1odd858   \" data-lazy=\"1\">\n        <div  class=\"tb_text_wrap\">\n    <p><span style=\"background-color: initial;\"><b>El curso est\u00e1 disponible en ingl\u00e9s, griego, espa\u00f1ol, lituano, rumano y neerland\u00e9s.<\/b><\/span><\/p>    <\/div>\n<\/div>\n<!-- \/module text --><!-- module buttons -->\n<div  class=\"module module-buttons tb_pgaa710 buttons-horizontal solid  circle\" data-lazy=\"1\">\n\t\t<div class=\"module-buttons-item tf_inline_b\">\n\t\t\t\t\t\t<a href=\"https:\/\/learn.fashionedproject.eu\/course\/view.php?id=14\" class=\"ui builder_button green\" target=\"_blank\" rel=\"noopener\">\n\t\t\t\t\t\t\t\t<span class=\"tf_inline_b tf_vmiddle\">Acceso a la plataforma eLearning<\/span>\n\t\t\t\t\t\t\t\t\t\t\t\t<\/a>\n\t\t\t\t\t\t<\/div>\n\t\t\t<\/div>\n<!-- \/module buttons -->\n\t\t\t\t<\/div><!-- .tb-column-inner -->\n\t\t\t\t\t\t<\/div><!-- .module_column -->\n\t\t\t\t\t<div  data-lazy=\"1\" class=\"module_column tb-column col4-1 tb_tb6z979 last\">\n\t\t\t\t\t\t\t\t\t<div class=\"tb-column-inner tf_box tf_w\">\n\t\t\t\t<!-- module image -->\n<div  class=\"module module-image tb_efwz952   image-center tf_mw\" data-lazy=\"1\">\n        <div class=\"image-wrap tf_rel tf_mw\">\n\t\t    <img loading=\"lazy\" decoding=\"async\" src=\"https:\/\/fashionedproject.eu\/wp-content\/uploads\/2024\/01\/undraw_online_test_re_kyfx-311x261.png\" width=\"311\" height=\"261\" class=\"wp-post-image wp-image-886\" title=\"undraw_online_test_re_kyfx\" alt=\"undraw_online_test_re_kyfx\">\t\n\t\t<\/div>\n\t<!-- \/image-wrap -->\n    \n    \t<\/div>\n<!-- \/module image -->\t\t\t\t<\/div><!-- .tb-column-inner -->\n\t\t\t\t\t\t<\/div><!-- .module_column -->\n\t\t\t\t\t\t<\/div><!-- .row_inner -->\n\t\t<\/div><!-- .module_row -->\n\t\t\t\t\t\t\t\t<!-- module_row -->\n\t\t<div  data-css_id=\"gtls946\" data-lazy=\"1\" class=\"module_row themify_builder_row fullwidth tb_gtls946 tf_w tf_clearfix\">\n\t\t\t\t\t<div class=\"row_inner col_align_top tb_col_count_1 tf_box tf_rel\">\n\t\t\t\t\t<div  data-lazy=\"1\" class=\"module_column tb-column col-full tb_6mvv946 first\">\n\t\t\t\t\t\t\t\t\t<div class=\"tb-column-inner tf_box tf_w\">\n\t\t\t\t<!-- module buttons -->\n<div  class=\"module module-buttons tb_exga463 buttons-horizontal solid  circle\" data-lazy=\"1\">\n\t\t<div class=\"module-buttons-item tf_inline_b\">\n\t\t\t\t\t\t<a href=\"https:\/\/fashionedproject.eu\/wp-content\/uploads\/2024\/10\/ES_Collection-of-Good-Practices-in-Eco-Design-in-Fashion.pdf\" class=\"ui builder_button green\" target=\"_blank\" rel=\"noopener\">\n\t\t\t\t\t\t\t\t<span class=\"tf_inline_b tf_vmiddle\">COLECCI\u00d3N DE BUENAS PR\u00c1CTICAS BASADAS EN ECODISE\u00d1O EN EL SECTOR DE LA MODA<\/span>\n\t\t\t\t\t\t\t\t\t\t\t\t<\/a>\n\t\t\t\t\t\t<\/div>\n\t\t\t<\/div>\n<!-- \/module buttons -->\n\t\t\t\t<\/div><!-- .tb-column-inner -->\n\t\t\t\t\t\t<\/div><!-- .module_column -->\n\t\t\t\t\t\t<\/div><!-- .row_inner -->\n\t\t<\/div><!-- .module_row -->\n\t\t\t\t\t\t\t\t<!-- module_row -->\n\t\t<div  data-lazy=\"1\" class=\"module_row themify_builder_row tb_kqmj759 tf_w tf_clearfix\">\n\t\t\t\t\t<div class=\"row_inner col_align_top tb_col_count_1 tf_box tf_rel\">\n\t\t\t\t\t<div  data-lazy=\"1\" class=\"module_column tb-column col-full tb_phj3759 first\">\n\t\t\t\t\t\t\t<\/div><!-- .module_column -->\n\t\t\t\t\t\t<\/div><!-- .row_inner -->\n\t\t<\/div><!-- .module_row -->\n\t\t\t\t<\/div>\n<!--\/themify_builder_content-->","protected":false},"excerpt":{"rendered":"<p>El curso en l\u00ednea est\u00e1 pensado para estudiantes y profesionales de la moda y el textil interesados en el ecodise\u00f1o. Ofrece materiales atractivos, incluidos estudios de casos centrados en pr\u00e1cticas sostenibles. Su realizaci\u00f3n mejora la comprensi\u00f3n de los conceptos de ecodise\u00f1o, mejora las competencias en procesos sostenibles y fomenta la adopci\u00f3n de pr\u00e1cticas respetuosas con [&hellip;]<\/p>\n","protected":false},"author":1,"featured_media":0,"parent":0,"menu_order":0,"comment_status":"closed","ping_status":"closed","template":"","meta":{"footnotes":""},"class_list":["post-1241","page","type-page","status-publish","hentry","has-post-title","has-post-date","has-post-category","has-post-tag","has-post-comment","has-post-author",""],"builder_content":"<img src=\"https:\/\/fashionedproject.eu\/wp-content\/uploads\/2025\/12\/gr-6.png\" title=\"gr (6)\" alt=\"gr (6)\" srcset=\"https:\/\/fashionedproject.eu\/wp-content\/uploads\/2025\/12\/gr-6.png 1600w, https:\/\/fashionedproject.eu\/wp-content\/uploads\/2025\/12\/gr-6-300x65.png 300w, https:\/\/fashionedproject.eu\/wp-content\/uploads\/2025\/12\/gr-6-1024x220.png 1024w, https:\/\/fashionedproject.eu\/wp-content\/uploads\/2025\/12\/gr-6-768x165.png 768w, https:\/\/fashionedproject.eu\/wp-content\/uploads\/2025\/12\/gr-6-1536x330.png 1536w\" sizes=\"(max-width: 1600px) 100vw, 1600px\" \/>\n<p>El curso en l\u00ednea est\u00e1 pensado para estudiantes y profesionales de la moda y el textil interesados en el ecodise\u00f1o. Ofrece materiales atractivos, incluidos estudios de casos centrados en pr\u00e1cticas sostenibles. Su realizaci\u00f3n mejora la comprensi\u00f3n de los conceptos de ecodise\u00f1o, mejora las competencias en procesos sostenibles y fomenta la adopci\u00f3n de pr\u00e1cticas respetuosas con el medio ambiente en la industria textil y de la moda.<\/p>\n<p><b>El curso est\u00e1 disponible en ingl\u00e9s, griego, espa\u00f1ol, lituano, rumano y neerland\u00e9s.<\/b><\/p>\n<a href=\"https:\/\/learn.fashionedproject.eu\/course\/view.php?id=14\" target=\"_blank\" rel=\"noopener\"> Acceso a la plataforma eLearning <\/a>\n<img src=\"https:\/\/fashionedproject.eu\/wp-content\/uploads\/2024\/01\/undraw_online_test_re_kyfx-311x261.png\" width=\"311\" height=\"261\" title=\"undraw_online_test_re_kyfx\" alt=\"undraw_online_test_re_kyfx\">\n<a href=\"https:\/\/fashionedproject.eu\/wp-content\/uploads\/2024\/10\/ES_Collection-of-Good-Practices-in-Eco-Design-in-Fashion.pdf\" target=\"_blank\" rel=\"noopener\"> COLECCI\u00d3N DE BUENAS PR\u00c1CTICAS BASADAS EN ECODISE\u00d1O EN EL SECTOR DE LA MODA <\/a>","_links":{"self":[{"href":"https:\/\/fashionedproject.eu\/es\/wp-json\/wp\/v2\/pages\/1241","targetHints":{"allow":["GET"]}}],"collection":[{"href":"https:\/\/fashionedproject.eu\/es\/wp-json\/wp\/v2\/pages"}],"about":[{"href":"https:\/\/fashionedproject.eu\/es\/wp-json\/wp\/v2\/types\/page"}],"author":[{"embeddable":true,"href":"https:\/\/fashionedproject.eu\/es\/wp-json\/wp\/v2\/users\/1"}],"replies":[{"embeddable":true,"href":"https:\/\/fashionedproject.eu\/es\/wp-json\/wp\/v2\/comments?post=1241"}],"version-history":[{"count":17,"href":"https:\/\/fashionedproject.eu\/es\/wp-json\/wp\/v2\/pages\/1241\/revisions"}],"predecessor-version":[{"id":3820,"href":"https:\/\/fashionedproject.eu\/es\/wp-json\/wp\/v2\/pages\/1241\/revisions\/3820"}],"wp:attachment":[{"href":"https:\/\/fashionedproject.eu\/es\/wp-json\/wp\/v2\/media?parent=1241"}],"curies":[{"name":"wp","href":"https:\/\/api.w.org\/{rel}","templated":true}]}}