{"id":1240,"date":"2024-01-29T10:45:31","date_gmt":"2024-01-29T08:45:31","guid":{"rendered":"https:\/\/fashionedproject.eu\/elearning\/"},"modified":"2025-12-03T15:06:09","modified_gmt":"2025-12-03T13:06:09","slug":"elearning","status":"publish","type":"page","link":"https:\/\/fashionedproject.eu\/lt\/elearning\/","title":{"rendered":"E-Learning"},"content":{"rendered":"<!--themify_builder_content-->\n<div id=\"themify_builder_content-1240\" data-postid=\"1240\" class=\"themify_builder_content themify_builder_content-1240 themify_builder tf_clear\">\n    \t\t\t\t<!-- module_row -->\n\t\t<div  data-css_id=\"1svs209\" data-lazy=\"1\" class=\"module_row themify_builder_row fullwidth tb_1svs209 tb_first tf_w tf_clearfix\">\n\t\t\t\t\t<div class=\"row_inner col_align_top tb_col_count_1 tf_box tf_rel\">\n\t\t\t\t\t<div  data-lazy=\"1\" class=\"module_column tb-column col-full tb_czkj209 first\">\n\t\t\t\t\t\t\t\t\t<div class=\"tb-column-inner tf_box tf_w\">\n\t\t\t\t<!-- module image -->\n<div  class=\"module module-image tb_wl10323   image-top auto_fullwidth tf_mw\" data-lazy=\"1\">\n        <div class=\"image-wrap tf_rel tf_mw\">\n\t\t    <img loading=\"lazy\" decoding=\"async\" width=\"1600\" height=\"344\" src=\"https:\/\/fashionedproject.eu\/wp-content\/uploads\/2025\/12\/gr-5.png\" class=\"wp-post-image wp-image-3804\" title=\"gr (5)\" alt=\"gr (5)\" srcset=\"https:\/\/fashionedproject.eu\/wp-content\/uploads\/2025\/12\/gr-5.png 1600w, https:\/\/fashionedproject.eu\/wp-content\/uploads\/2025\/12\/gr-5-300x65.png 300w, https:\/\/fashionedproject.eu\/wp-content\/uploads\/2025\/12\/gr-5-1024x220.png 1024w, https:\/\/fashionedproject.eu\/wp-content\/uploads\/2025\/12\/gr-5-768x165.png 768w, https:\/\/fashionedproject.eu\/wp-content\/uploads\/2025\/12\/gr-5-1536x330.png 1536w\" sizes=\"auto, (max-width: 1600px) 100vw, 1600px\" \/>\t\n\t\t<\/div>\n\t<!-- \/image-wrap -->\n    \n    \t<\/div>\n<!-- \/module image -->\t\t\t\t<\/div><!-- .tb-column-inner -->\n\t\t\t\t\t\t<\/div><!-- .module_column -->\n\t\t\t\t\t\t<\/div><!-- .row_inner -->\n\t\t<\/div><!-- .module_row -->\n\t\t\t\t\t\t\t\t<!-- module_row -->\n\t\t<div  data-css_id=\"tp2w245\" data-lazy=\"1\" class=\"module_row themify_builder_row fullwidth tb_tp2w245 tf_w tf_clearfix\">\n\t\t\t\t\t<div class=\"row_inner col_align_top tb_col_count_2 tf_box tf_rel\">\n\t\t\t\t\t<div  data-lazy=\"1\" class=\"module_column tb-column col4-3 tb_e93n246 first\">\n\t\t\t\t\t\t\t\t\t<div class=\"tb-column-inner tf_box tf_w\">\n\t\t\t\t<!-- module text -->\n<div  class=\"module module-text tb_64qo246   \" data-lazy=\"1\">\n        <div  class=\"tb_text_wrap\">\n    <p>Internetinis kursas yra pritaikytas mados ir tekstil\u0117s studentams bei profesionalams, kurie supranta ekologi\u0161k\u0105 dizain\u0105. Ji si\u016blo patraukli\u0105 med\u017eiag\u0105, \u012fskaitant atvej\u0173 tyrimus, daugiausia d\u0117mesio skiriant tvariai praktikai. U\u017ebaigus j\u012f, geriau suprantamos ekologinio dizaino koncepcijos, gerinami tvari\u0173 proces\u0173 \u012fg\u016bd\u017eiai ir skatinama taikyti ekologi\u0161k\u0105 praktik\u0105 mados ir tekstil\u0117s pramon\u0117je.<\/p>    <\/div>\n<\/div>\n<!-- \/module text --><!-- module text -->\n<div  class=\"module module-text tb_1odd858   \" data-lazy=\"1\">\n        <div  class=\"tb_text_wrap\">\n    <p><strong><span style=\"background-color: initial; font-size: 1em;\">Kursas vyksta angl\u0173, graik\u0173, ispan\u0173, lietuvi\u0173, rumun\u0173 ir oland\u0173 kalbomis.<\/span><\/strong><\/p>    <\/div>\n<\/div>\n<!-- \/module text --><!-- module buttons -->\n<div  class=\"module module-buttons tb_exga463 buttons-horizontal solid  circle\" data-lazy=\"1\">\n\t\t<div class=\"module-buttons-item tf_inline_b\">\n\t\t\t\t\t\t<a href=\"https:\/\/learn.fashionedproject.eu\/course\/view.php?id=11\" class=\"ui builder_button green\" target=\"_blank\" rel=\"noopener\">\n\t\t\t\t\t\t\t\t<span class=\"tf_inline_b tf_vmiddle\">\u012eeikite \u012f el. mokymosi platform\u0105<\/span>\n\t\t\t\t\t\t\t\t\t\t\t\t<\/a>\n\t\t\t\t\t\t<\/div>\n\t\t\t<\/div>\n<!-- \/module buttons -->\n\t\t\t\t<\/div><!-- .tb-column-inner -->\n\t\t\t\t\t\t<\/div><!-- .module_column -->\n\t\t\t\t\t<div  data-lazy=\"1\" class=\"module_column tb-column col4-1 tb_tb6z979 last\">\n\t\t\t\t\t\t\t\t\t<div class=\"tb-column-inner tf_box tf_w\">\n\t\t\t\t<!-- module image -->\n<div  class=\"module module-image tb_efwz952   image-center tf_mw\" data-lazy=\"1\">\n        <div class=\"image-wrap tf_rel tf_mw\">\n\t\t    <img loading=\"lazy\" decoding=\"async\" src=\"https:\/\/fashionedproject.eu\/wp-content\/uploads\/2024\/01\/undraw_online_test_re_kyfx-311x261.png\" width=\"311\" height=\"261\" class=\"wp-post-image wp-image-884\" title=\"undraw_online_test_re_kyfx\" alt=\"undraw_online_test_re_kyfx\">\t\n\t\t<\/div>\n\t<!-- \/image-wrap -->\n    \n    \t<\/div>\n<!-- \/module image -->\t\t\t\t<\/div><!-- .tb-column-inner -->\n\t\t\t\t\t\t<\/div><!-- .module_column -->\n\t\t\t\t\t\t<\/div><!-- .row_inner -->\n\t\t<\/div><!-- .module_row -->\n\t\t\t\t\t\t\t\t<!-- module_row -->\n\t\t<div  data-css_id=\"gtls946\" data-lazy=\"1\" class=\"module_row themify_builder_row fullwidth tb_gtls946 tf_w tf_clearfix\">\n\t\t\t\t\t<div class=\"row_inner col_align_top tb_col_count_1 tf_box tf_rel\">\n\t\t\t\t\t<div  data-lazy=\"1\" class=\"module_column tb-column col-full tb_6mvv946 first\">\n\t\t\t\t\t\t\t\t\t<div class=\"tb-column-inner tf_box tf_w\">\n\t\t\t\t<!-- module buttons -->\n<div  class=\"module module-buttons tb_1fep638 buttons-horizontal solid  circle\" data-lazy=\"1\">\n\t\t<div class=\"module-buttons-item tf_inline_b\">\n\t\t\t\t\t\t<a href=\"https:\/\/fashionedproject.eu\/wp-content\/uploads\/2024\/10\/LT_Collection-of-Good-Practices-in-Eco-Design-in-Fashion.pdf\" class=\"ui builder_button green\" target=\"_blank\" rel=\"noopener\">\n\t\t\t\t\t\t\t\t<span class=\"tf_inline_b tf_vmiddle\">GER\u0172J\u0172 EKODIZAINO PRAKTIK\u0172 \u0160ALI\u0172 MADOS SEKTORIUJE<\/span>\n\t\t\t\t\t\t\t\t\t\t\t\t<\/a>\n\t\t\t\t\t\t<\/div>\n\t\t\t<\/div>\n<!-- \/module buttons -->\n\t\t\t\t<\/div><!-- .tb-column-inner -->\n\t\t\t\t\t\t<\/div><!-- .module_column -->\n\t\t\t\t\t\t<\/div><!-- .row_inner -->\n\t\t<\/div><!-- .module_row -->\n\t\t\t\t<\/div>\n<!--\/themify_builder_content-->","protected":false},"excerpt":{"rendered":"<p>Internetinis kursas yra pritaikytas mados ir tekstil\u0117s studentams bei profesionalams, kurie supranta ekologi\u0161k\u0105 dizain\u0105. Ji si\u016blo patraukli\u0105 med\u017eiag\u0105, \u012fskaitant atvej\u0173 tyrimus, daugiausia d\u0117mesio skiriant tvariai praktikai. U\u017ebaigus j\u012f, geriau suprantamos ekologinio dizaino koncepcijos, gerinami tvari\u0173 proces\u0173 \u012fg\u016bd\u017eiai ir skatinama taikyti ekologi\u0161k\u0105 praktik\u0105 mados ir tekstil\u0117s pramon\u0117je.<\/p>\n","protected":false},"author":1,"featured_media":0,"parent":0,"menu_order":0,"comment_status":"closed","ping_status":"closed","template":"","meta":{"footnotes":""},"class_list":["post-1240","page","type-page","status-publish","hentry","has-post-title","has-post-date","has-post-category","has-post-tag","has-post-comment","has-post-author",""],"builder_content":"<img src=\"https:\/\/fashionedproject.eu\/wp-content\/uploads\/2025\/12\/gr-5.png\" title=\"gr (5)\" alt=\"gr (5)\" srcset=\"https:\/\/fashionedproject.eu\/wp-content\/uploads\/2025\/12\/gr-5.png 1600w, https:\/\/fashionedproject.eu\/wp-content\/uploads\/2025\/12\/gr-5-300x65.png 300w, https:\/\/fashionedproject.eu\/wp-content\/uploads\/2025\/12\/gr-5-1024x220.png 1024w, https:\/\/fashionedproject.eu\/wp-content\/uploads\/2025\/12\/gr-5-768x165.png 768w, https:\/\/fashionedproject.eu\/wp-content\/uploads\/2025\/12\/gr-5-1536x330.png 1536w\" sizes=\"(max-width: 1600px) 100vw, 1600px\" \/>\n<p>Internetinis kursas yra pritaikytas mados ir tekstil\u0117s studentams bei profesionalams, kurie supranta ekologi\u0161k\u0105 dizain\u0105. Ji si\u016blo patraukli\u0105 med\u017eiag\u0105, \u012fskaitant atvej\u0173 tyrimus, daugiausia d\u0117mesio skiriant tvariai praktikai. U\u017ebaigus j\u012f, geriau suprantamos ekologinio dizaino koncepcijos, gerinami tvari\u0173 proces\u0173 \u012fg\u016bd\u017eiai ir skatinama taikyti ekologi\u0161k\u0105 praktik\u0105 mados ir tekstil\u0117s pramon\u0117je.<\/p>\n<p><strong>Kursas vyksta angl\u0173, graik\u0173, ispan\u0173, lietuvi\u0173, rumun\u0173 ir oland\u0173 kalbomis.<\/strong><\/p>\n<a href=\"https:\/\/learn.fashionedproject.eu\/course\/view.php?id=11\" target=\"_blank\" rel=\"noopener\"> \u012eeikite \u012f el. mokymosi platform\u0105 <\/a>\n<img src=\"https:\/\/fashionedproject.eu\/wp-content\/uploads\/2024\/01\/undraw_online_test_re_kyfx-311x261.png\" width=\"311\" height=\"261\" title=\"undraw_online_test_re_kyfx\" alt=\"undraw_online_test_re_kyfx\">\n<a href=\"https:\/\/fashionedproject.eu\/wp-content\/uploads\/2024\/10\/LT_Collection-of-Good-Practices-in-Eco-Design-in-Fashion.pdf\" target=\"_blank\" rel=\"noopener\"> GER\u0172J\u0172 EKODIZAINO PRAKTIK\u0172 \u0160ALI\u0172 MADOS SEKTORIUJE <\/a>","_links":{"self":[{"href":"https:\/\/fashionedproject.eu\/lt\/wp-json\/wp\/v2\/pages\/1240","targetHints":{"allow":["GET"]}}],"collection":[{"href":"https:\/\/fashionedproject.eu\/lt\/wp-json\/wp\/v2\/pages"}],"about":[{"href":"https:\/\/fashionedproject.eu\/lt\/wp-json\/wp\/v2\/types\/page"}],"author":[{"embeddable":true,"href":"https:\/\/fashionedproject.eu\/lt\/wp-json\/wp\/v2\/users\/1"}],"replies":[{"embeddable":true,"href":"https:\/\/fashionedproject.eu\/lt\/wp-json\/wp\/v2\/comments?post=1240"}],"version-history":[{"count":20,"href":"https:\/\/fashionedproject.eu\/lt\/wp-json\/wp\/v2\/pages\/1240\/revisions"}],"predecessor-version":[{"id":3819,"href":"https:\/\/fashionedproject.eu\/lt\/wp-json\/wp\/v2\/pages\/1240\/revisions\/3819"}],"wp:attachment":[{"href":"https:\/\/fashionedproject.eu\/lt\/wp-json\/wp\/v2\/media?parent=1240"}],"curies":[{"name":"wp","href":"https:\/\/api.w.org\/{rel}","templated":true}]}}