{"id":1256,"date":"2024-01-29T10:48:13","date_gmt":"2024-01-29T08:48:13","guid":{"rendered":"https:\/\/fashionedproject.eu\/eco-design-challenge\/"},"modified":"2025-12-03T15:10:50","modified_gmt":"2025-12-03T13:10:50","slug":"eco-design-challenge","status":"publish","type":"page","link":"https:\/\/fashionedproject.eu\/lt\/eco-design-challenge\/","title":{"rendered":"Ekologinio dizaino i\u0161\u0161\u016bkis"},"content":{"rendered":"<!--themify_builder_content-->\n<div id=\"themify_builder_content-1256\" data-postid=\"1256\" class=\"themify_builder_content themify_builder_content-1256 themify_builder tf_clear\">\n    \t\t\t\t<!-- module_row -->\n\t\t<div  data-css_id=\"r5o6581\" data-lazy=\"1\" class=\"module_row themify_builder_row fullwidth tb_r5o6581 tb_first tf_w tf_clearfix\">\n\t\t\t\t\t<div class=\"row_inner col_align_top tb_col_count_1 tf_box tf_rel\">\n\t\t\t\t\t<div  data-lazy=\"1\" class=\"module_column tb-column col-full tb_2zyd581 first\">\n\t\t\t\t\t\t\t\t\t<div class=\"tb-column-inner tf_box tf_w\">\n\t\t\t\t<!-- module image -->\n<div  class=\"module module-image tb_l61b129   image-top auto_fullwidth tf_mw\" data-lazy=\"1\">\n        <div class=\"image-wrap tf_rel tf_mw\">\n\t\t    <img loading=\"lazy\" decoding=\"async\" width=\"1600\" height=\"344\" src=\"https:\/\/fashionedproject.eu\/wp-content\/uploads\/2025\/12\/lt-3.png\" class=\"wp-post-image wp-image-3842\" title=\"lt (3)\" alt=\"lt (3)\" srcset=\"https:\/\/fashionedproject.eu\/wp-content\/uploads\/2025\/12\/lt-3.png 1600w, https:\/\/fashionedproject.eu\/wp-content\/uploads\/2025\/12\/lt-3-300x65.png 300w, https:\/\/fashionedproject.eu\/wp-content\/uploads\/2025\/12\/lt-3-1024x220.png 1024w, https:\/\/fashionedproject.eu\/wp-content\/uploads\/2025\/12\/lt-3-768x165.png 768w, https:\/\/fashionedproject.eu\/wp-content\/uploads\/2025\/12\/lt-3-1536x330.png 1536w\" sizes=\"auto, (max-width: 1600px) 100vw, 1600px\" \/>\t\n\t\t<\/div>\n\t<!-- \/image-wrap -->\n    \n    \t<\/div>\n<!-- \/module image -->\t\t\t\t<\/div><!-- .tb-column-inner -->\n\t\t\t\t\t\t<\/div><!-- .module_column -->\n\t\t\t\t\t\t<\/div><!-- .row_inner -->\n\t\t<\/div><!-- .module_row -->\n\t\t\t\t\t\t\t\t<!-- module_row -->\n\t\t<div  data-css_id=\"4np2975\" data-lazy=\"1\" class=\"module_row themify_builder_row fullwidth tb_4np2975 tf_w tf_clearfix\">\n\t\t\t\t\t<div class=\"row_inner col_align_top tb_col_count_2 tf_box tf_rel\">\n\t\t\t\t\t<div  data-lazy=\"1\" class=\"module_column tb-column col4-3 tb_y3f6975 first\">\n\t\t\t\t\t\t\t\t\t<div class=\"tb-column-inner tf_box tf_w\">\n\t\t\t\t<!-- module text -->\n<div  class=\"module module-text tb_l7ya320   \" data-lazy=\"1\">\n        <div  class=\"tb_text_wrap\">\n    <p style=\"text-align: left;\">Mados ir tekstil\u0117s studentai \u012fgis reikiam\u0173 \u017eini\u0173 ir \u012fg\u016bd\u017ei\u0173, kad gal\u0117t\u0173 kurti s\u0117kmingus ir tvarius mados verslus, kuriuose b\u016bt\u0173 taikomi ekologinio dizaino principai, ir skatinti ekologinio dizaino verslum\u0105. Kurdami verslo planus studentai gali dalyvauti i\u0161\u0161\u016bkiuose ir didinti ekologinio projektavimo princip\u0173 bei verslumo suvokim\u0105. Nugal\u0117tojai taip pat gaus individuali\u0105 param\u0105 id\u0117joms paversti veiksmais, kuri pad\u0117s j\u0173 novatori\u0161kas id\u0117jas paversti tvariu verslu.<\/p>\n<p style=\"text-align: left;\"><strong>Konkurso taisykl\u0117s \u00a0<\/strong><a href=\"https:\/\/fashionedproject.eu\/wp-content\/uploads\/2024\/11\/Fashion.ED_WP4_Rules-of-the-Competition.pdf\" target=\"_blank\" rel=\"noopener\">Atsisi\u0173skite PDF<\/a><\/p>    <\/div>\n<\/div>\n<!-- \/module text --><!-- module buttons -->\n<div  class=\"module module-buttons tb_iyt2336 buttons-horizontal solid  circle\" data-lazy=\"1\">\n\t\t<div class=\"module-buttons-item tf_inline_b\">\n\t\t\t\t\t\t<a href=\"https:\/\/docs.google.com\/forms\/d\/e\/1FAIpQLSfWeFThnTyoyuVG35t8m7FOL4BccOAjrhgkG22epzL_MQ9VmA\/viewform\" class=\"ui builder_button green\" target=\"_blank\" rel=\"noopener\">\n\t\t\t\t\t\t\t\t<span class=\"tf_inline_b tf_vmiddle\">Dalyvaukite i\u0161\u0161\u016bkyje<\/span>\n\t\t\t\t\t\t\t\t\t\t\t\t<\/a>\n\t\t\t\t\t\t<\/div>\n\t\t\t<\/div>\n<!-- \/module buttons -->\n<!-- module buttons -->\n<div  class=\"module module-buttons tb_yjbd828 buttons-horizontal solid  circle\" data-lazy=\"1\">\n\t\t<div class=\"module-buttons-item tf_inline_b\">\n\t\t\t\t\t\t<a href=\"https:\/\/youtube.com\/playlist?list=PL_y5gWx3ldc5ZjobhjgeBg78-65LSXZis&#038;si=0Mkhcp8is_b0VQQk\" class=\"ui builder_button green\" target=\"_blank\" rel=\"noopener\">\n\t\t\t\t\t\t\t\t<span class=\"tf_inline_b tf_vmiddle\">Participants' Pitch Videos<\/span>\n\t\t\t\t\t\t\t\t\t\t\t\t<\/a>\n\t\t\t\t\t\t<\/div>\n\t\t\t<\/div>\n<!-- \/module buttons -->\n\t\t\t\t<\/div><!-- .tb-column-inner -->\n\t\t\t\t\t\t<\/div><!-- .module_column -->\n\t\t\t\t\t<div  data-lazy=\"1\" class=\"module_column tb-column col4-1 tb_dfpr740 last\">\n\t\t\t\t\t\t\t\t\t<div class=\"tb-column-inner tf_box tf_w\">\n\t\t\t\t<!-- module image -->\n<div  class=\"module module-image tb_kqk8105   image-right tf_mw\" data-lazy=\"1\">\n        <div class=\"image-wrap tf_rel tf_mw\">\n\t\t    <img loading=\"lazy\" decoding=\"async\" src=\"https:\/\/fashionedproject.eu\/wp-content\/uploads\/2024\/01\/Frame-27-6-232x244.png\" width=\"232\" height=\"244\" class=\"wp-post-image wp-image-899\" title=\"Frame 27 (6)\" alt=\"Frame 27 (6)\">\t\n\t\t<\/div>\n\t<!-- \/image-wrap -->\n    \n    \t<\/div>\n<!-- \/module image -->\t\t\t\t<\/div><!-- .tb-column-inner -->\n\t\t\t\t\t\t<\/div><!-- .module_column -->\n\t\t\t\t\t\t<\/div><!-- .row_inner -->\n\t\t<\/div><!-- .module_row -->\n\t\t\t\t\t\t\t\t<!-- module_row -->\n\t\t<div  data-css_id=\"bziy752\" data-lazy=\"1\" class=\"module_row themify_builder_row fullwidth tb_bziy752 tf_w tf_clearfix\">\n\t\t\t\t\t<div class=\"row_inner col_align_top tb_col_count_1 tf_box tf_rel\">\n\t\t\t\t\t<div  data-lazy=\"1\" class=\"module_column tb-column col-full tb_y0vd752 first\">\n\t\t\t\t\t\t\t\t\t<div class=\"tb-column-inner tf_box tf_w\">\n\t\t\t\t<!-- module text -->\n<div  class=\"module module-text tb_rqzg752   \" data-lazy=\"1\">\n        <div  class=\"tb_text_wrap\">\n    <p>\u017demiau rasite naudingos med\u017eiagos, skirtos tvari\u0173 verslo plan\u0173 k\u016brimui, kuri buvo pristatyta mokym\u0173 Leeuwarden, Nyderlanduose, metu.<\/p>\n<p><a href=\"https:\/\/fashionedproject.eu\/wp-content\/uploads\/2025\/04\/How-to-make-your-business-plan.pdf\" target=\"_blank\" rel=\"noopener\">Kaip parengti verslo plan\u0105<\/a><\/p>\n<p><a href=\"https:\/\/fashionedproject.eu\/wp-content\/uploads\/2025\/04\/Fashion.ED_How-to-pitch.pdf\">Kaip pristatyti verslo id\u0117j\u0105<\/a><\/p>\n<p><a href=\"https:\/\/fashionedproject.eu\/wp-content\/uploads\/2025\/04\/Value-Proposition-Canvas-Innovation.pdf\">Vert\u0117s pasi\u016blymo kanvasas<\/a><\/p>\n<p><a href=\"https:\/\/fashionedproject.eu\/wp-content\/uploads\/2025\/04\/SustainableBusinessModelCanvas.pdf\">Tvaraus verslo modelio kanvasas<\/a><\/p>\n<p><a href=\"https:\/\/fashionedproject.eu\/wp-content\/uploads\/2025\/04\/Fashion.-ED-Business-plan-start-to-think.pdf\">Verslo plano prad\u017eia<\/a><\/p>\n<p><a href=\"https:\/\/fashionedproject.eu\/wp-content\/uploads\/2025\/04\/PITCH-CANVAS-ENGLISH-PP-scaled.jpg\">Pristatymo kanvasas<\/a><\/p>    <\/div>\n<\/div>\n<!-- \/module text -->\t\t\t\t<\/div><!-- .tb-column-inner -->\n\t\t\t\t\t\t<\/div><!-- .module_column -->\n\t\t\t\t\t\t<\/div><!-- .row_inner -->\n\t\t<\/div><!-- .module_row -->\n\t\t\t\t<\/div>\n<!--\/themify_builder_content-->","protected":false},"excerpt":{"rendered":"<p>Mados ir tekstil\u0117s studentai \u012fgis reikiam\u0173 \u017eini\u0173 ir \u012fg\u016bd\u017ei\u0173, kad gal\u0117t\u0173 kurti s\u0117kmingus ir tvarius mados verslus, kuriuose b\u016bt\u0173 taikomi ekologinio dizaino principai, ir skatinti ekologinio dizaino verslum\u0105. Kurdami verslo planus studentai gali dalyvauti i\u0161\u0161\u016bkiuose ir didinti ekologinio projektavimo princip\u0173 bei verslumo suvokim\u0105. Nugal\u0117tojai taip pat gaus individuali\u0105 param\u0105 id\u0117joms paversti veiksmais, kuri pad\u0117s j\u0173 [&hellip;]<\/p>\n","protected":false},"author":1,"featured_media":0,"parent":0,"menu_order":0,"comment_status":"closed","ping_status":"closed","template":"","meta":{"footnotes":""},"class_list":["post-1256","page","type-page","status-publish","hentry","has-post-title","has-post-date","has-post-category","has-post-tag","has-post-comment","has-post-author",""],"builder_content":"<img src=\"https:\/\/fashionedproject.eu\/wp-content\/uploads\/2025\/12\/lt-3.png\" title=\"lt (3)\" alt=\"lt (3)\" srcset=\"https:\/\/fashionedproject.eu\/wp-content\/uploads\/2025\/12\/lt-3.png 1600w, https:\/\/fashionedproject.eu\/wp-content\/uploads\/2025\/12\/lt-3-300x65.png 300w, https:\/\/fashionedproject.eu\/wp-content\/uploads\/2025\/12\/lt-3-1024x220.png 1024w, https:\/\/fashionedproject.eu\/wp-content\/uploads\/2025\/12\/lt-3-768x165.png 768w, https:\/\/fashionedproject.eu\/wp-content\/uploads\/2025\/12\/lt-3-1536x330.png 1536w\" sizes=\"(max-width: 1600px) 100vw, 1600px\" \/>\n<p style=\"text-align: left;\">Mados ir tekstil\u0117s studentai \u012fgis reikiam\u0173 \u017eini\u0173 ir \u012fg\u016bd\u017ei\u0173, kad gal\u0117t\u0173 kurti s\u0117kmingus ir tvarius mados verslus, kuriuose b\u016bt\u0173 taikomi ekologinio dizaino principai, ir skatinti ekologinio dizaino verslum\u0105. Kurdami verslo planus studentai gali dalyvauti i\u0161\u0161\u016bkiuose ir didinti ekologinio projektavimo princip\u0173 bei verslumo suvokim\u0105. Nugal\u0117tojai taip pat gaus individuali\u0105 param\u0105 id\u0117joms paversti veiksmais, kuri pad\u0117s j\u0173 novatori\u0161kas id\u0117jas paversti tvariu verslu.<\/p> <p style=\"text-align: left;\"><strong>Konkurso taisykl\u0117s \u00a0<\/strong><a href=\"https:\/\/fashionedproject.eu\/wp-content\/uploads\/2024\/11\/Fashion.ED_WP4_Rules-of-the-Competition.pdf\" target=\"_blank\" rel=\"noopener\">Atsisi\u0173skite PDF<\/a><\/p>\n<a href=\"https:\/\/docs.google.com\/forms\/d\/e\/1FAIpQLSfWeFThnTyoyuVG35t8m7FOL4BccOAjrhgkG22epzL_MQ9VmA\/viewform\" target=\"_blank\" rel=\"noopener\"> Dalyvaukite i\u0161\u0161\u016bkyje <\/a>\n<a href=\"https:\/\/youtube.com\/playlist?list=PL_y5gWx3ldc5ZjobhjgeBg78-65LSXZis&#038;si=0Mkhcp8is_b0VQQk\" target=\"_blank\" rel=\"noopener\"> Participants' Pitch Videos <\/a>\n<img src=\"https:\/\/fashionedproject.eu\/wp-content\/uploads\/2024\/01\/Frame-27-6-232x244.png\" width=\"232\" height=\"244\" title=\"Frame 27 (6)\" alt=\"Frame 27 (6)\">\n<p>\u017demiau rasite naudingos med\u017eiagos, skirtos tvari\u0173 verslo plan\u0173 k\u016brimui, kuri buvo pristatyta mokym\u0173 Leeuwarden, Nyderlanduose, metu.<\/p> <p><a href=\"https:\/\/fashionedproject.eu\/wp-content\/uploads\/2025\/04\/How-to-make-your-business-plan.pdf\" target=\"_blank\" rel=\"noopener\">Kaip parengti verslo plan\u0105<\/a><\/p> <p><a href=\"https:\/\/fashionedproject.eu\/wp-content\/uploads\/2025\/04\/Fashion.ED_How-to-pitch.pdf\">Kaip pristatyti verslo id\u0117j\u0105<\/a><\/p> <p><a href=\"https:\/\/fashionedproject.eu\/wp-content\/uploads\/2025\/04\/Value-Proposition-Canvas-Innovation.pdf\">Vert\u0117s pasi\u016blymo kanvasas<\/a><\/p> <p><a href=\"https:\/\/fashionedproject.eu\/wp-content\/uploads\/2025\/04\/SustainableBusinessModelCanvas.pdf\">Tvaraus verslo modelio kanvasas<\/a><\/p> <p><a href=\"https:\/\/fashionedproject.eu\/wp-content\/uploads\/2025\/04\/Fashion.-ED-Business-plan-start-to-think.pdf\">Verslo plano prad\u017eia<\/a><\/p> <p><a href=\"https:\/\/fashionedproject.eu\/wp-content\/uploads\/2025\/04\/PITCH-CANVAS-ENGLISH-PP-scaled.jpg\">Pristatymo kanvasas<\/a><\/p>","_links":{"self":[{"href":"https:\/\/fashionedproject.eu\/lt\/wp-json\/wp\/v2\/pages\/1256","targetHints":{"allow":["GET"]}}],"collection":[{"href":"https:\/\/fashionedproject.eu\/lt\/wp-json\/wp\/v2\/pages"}],"about":[{"href":"https:\/\/fashionedproject.eu\/lt\/wp-json\/wp\/v2\/types\/page"}],"author":[{"embeddable":true,"href":"https:\/\/fashionedproject.eu\/lt\/wp-json\/wp\/v2\/users\/1"}],"replies":[{"embeddable":true,"href":"https:\/\/fashionedproject.eu\/lt\/wp-json\/wp\/v2\/comments?post=1256"}],"version-history":[{"count":17,"href":"https:\/\/fashionedproject.eu\/lt\/wp-json\/wp\/v2\/pages\/1256\/revisions"}],"predecessor-version":[{"id":3853,"href":"https:\/\/fashionedproject.eu\/lt\/wp-json\/wp\/v2\/pages\/1256\/revisions\/3853"}],"wp:attachment":[{"href":"https:\/\/fashionedproject.eu\/lt\/wp-json\/wp\/v2\/media?parent=1256"}],"curies":[{"name":"wp","href":"https:\/\/api.w.org\/{rel}","templated":true}]}}