{"id":1114,"date":"2024-01-29T10:45:31","date_gmt":"2024-01-29T08:45:31","guid":{"rendered":"https:\/\/fashionedproject.eu\/elearning\/"},"modified":"2025-10-29T13:18:20","modified_gmt":"2025-10-29T11:18:20","slug":"elearning","status":"publish","type":"page","link":"https:\/\/fashionedproject.eu\/ro\/elearning\/","title":{"rendered":"E-Learning"},"content":{"rendered":"<!--themify_builder_content-->\n<div id=\"themify_builder_content-1114\" data-postid=\"1114\" class=\"themify_builder_content themify_builder_content-1114 themify_builder tf_clear\">\n    \t\t\t\t<!-- module_row -->\n\t\t<div  data-css_id=\"1svs209\" data-lazy=\"1\" class=\"module_row themify_builder_row fullwidth tb_1svs209 tb_first tf_w tf_clearfix\">\n\t\t\t\t\t<div class=\"row_inner col_align_top tb_col_count_1 tf_box tf_rel\">\n\t\t\t\t\t<div  data-lazy=\"1\" class=\"module_column tb-column col-full tb_czkj209 first\">\n\t\t\t\t\t\t\t\t\t<div class=\"tb-column-inner tf_box tf_w\">\n\t\t\t\t<!-- module image -->\n<div  class=\"module module-image tb_wl10323   image-top auto_fullwidth tf_mw\" data-lazy=\"1\">\n        <div class=\"image-wrap tf_rel tf_mw\">\n\t\t    <img loading=\"lazy\" decoding=\"async\" width=\"1600\" height=\"345\" src=\"https:\/\/fashionedproject.eu\/wp-content\/uploads\/2024\/01\/Header2.png\" class=\"wp-post-image wp-image-890\" title=\"Header2\" alt=\"Header2\" srcset=\"https:\/\/fashionedproject.eu\/wp-content\/uploads\/2024\/01\/Header2.png 1600w, https:\/\/fashionedproject.eu\/wp-content\/uploads\/2024\/01\/Header2-300x65.png 300w, https:\/\/fashionedproject.eu\/wp-content\/uploads\/2024\/01\/Header2-1024x221.png 1024w, https:\/\/fashionedproject.eu\/wp-content\/uploads\/2024\/01\/Header2-768x166.png 768w, https:\/\/fashionedproject.eu\/wp-content\/uploads\/2024\/01\/Header2-1536x331.png 1536w\" sizes=\"auto, (max-width: 1600px) 100vw, 1600px\" \/>\t\n\t\t<\/div>\n\t<!-- \/image-wrap -->\n    \n    \t<\/div>\n<!-- \/module image -->\t\t\t\t<\/div><!-- .tb-column-inner -->\n\t\t\t\t\t\t<\/div><!-- .module_column -->\n\t\t\t\t\t\t<\/div><!-- .row_inner -->\n\t\t<\/div><!-- .module_row -->\n\t\t\t\t\t\t\t\t<!-- module_row -->\n\t\t<div  data-css_id=\"tp2w245\" data-lazy=\"1\" class=\"module_row themify_builder_row fullwidth tb_tp2w245 tf_w tf_clearfix\">\n\t\t\t\t\t<div class=\"row_inner col_align_top tb_col_count_2 tf_box tf_rel\">\n\t\t\t\t\t<div  data-lazy=\"1\" class=\"module_column tb-column col4-3 tb_e93n246 first\">\n\t\t\t\t\t\t\t\t\t<div class=\"tb-column-inner tf_box tf_w\">\n\t\t\t\t<!-- module text -->\n<div  class=\"module module-text tb_64qo246   \" data-lazy=\"1\">\n        <div  class=\"tb_text_wrap\">\n    <p>Cursul online este conceput pentru studen\u021bii \u0219i profesioni\u0219tii din domeniul modei \u0219i a textilelor, interesa\u021bi de eco-design. Acesta ofer\u0103 materiale captivante, inclusiv studii de caz, concentr\u00e2ndu-se pe practici durabile. Finalizarea cursului va duce la o mai bun\u0103 \u00een\u021belegere a conceptului de eco-design, la dezvoltarea abilit\u0103\u021bilor \u00een procese durabile \u0219i la \u00eencurajarea adoptarii practicilor ecologice \u00een industria modei \u0219i a textilelor.<\/p>    <\/div>\n<\/div>\n<!-- \/module text --><!-- module text -->\n<div  class=\"module module-text tb_1odd858   \" data-lazy=\"1\">\n        <div  class=\"tb_text_wrap\">\n    <p><strong><span style=\"background-color: initial; font-size: 1em;\">Cursul este disponibil \u00een limba englez\u0103, greac\u0103, spaniol\u0103, lituanian\u0103, rom\u00e2n\u0103 \u0219i olandez\u0103.<\/span><\/strong><\/p>    <\/div>\n<\/div>\n<!-- \/module text --><!-- module buttons -->\n<div  class=\"module module-buttons tb_exga463 buttons-horizontal solid  circle\" data-lazy=\"1\">\n\t\t<div class=\"module-buttons-item tf_inline_b\">\n\t\t\t\t\t\t<a href=\"https:\/\/learn.fashionedproject.eu\/course\/view.php?id=13\" class=\"ui builder_button green\" target=\"_blank\" rel=\"noopener\">\n\t\t\t\t\t\t\t\t<span class=\"tf_inline_b tf_vmiddle\">Intr\u0103 \u00een platforma de eLearning<\/span>\n\t\t\t\t\t\t\t\t\t\t\t\t<\/a>\n\t\t\t\t\t\t<\/div>\n\t\t\t<\/div>\n<!-- \/module buttons -->\n\t\t\t\t<\/div><!-- .tb-column-inner -->\n\t\t\t\t\t\t<\/div><!-- .module_column -->\n\t\t\t\t\t<div  data-lazy=\"1\" class=\"module_column tb-column col4-1 tb_tb6z979 last\">\n\t\t\t\t\t\t\t\t\t<div class=\"tb-column-inner tf_box tf_w\">\n\t\t\t\t<!-- module image -->\n<div  class=\"module module-image tb_efwz952   image-center tf_mw\" data-lazy=\"1\">\n        <div class=\"image-wrap tf_rel tf_mw\">\n\t\t    <img loading=\"lazy\" decoding=\"async\" src=\"https:\/\/fashionedproject.eu\/wp-content\/uploads\/2024\/01\/undraw_online_test_re_kyfx-311x261.png\" width=\"311\" height=\"261\" class=\"wp-post-image wp-image-885\" title=\"undraw_online_test_re_kyfx\" alt=\"undraw_online_test_re_kyfx\">\t\n\t\t<\/div>\n\t<!-- \/image-wrap -->\n    \n    \t<\/div>\n<!-- \/module image -->\t\t\t\t<\/div><!-- .tb-column-inner -->\n\t\t\t\t\t\t<\/div><!-- .module_column -->\n\t\t\t\t\t\t<\/div><!-- .row_inner -->\n\t\t<\/div><!-- .module_row -->\n\t\t\t\t\t\t\t\t<!-- module_row -->\n\t\t<div  data-css_id=\"gtls946\" data-lazy=\"1\" class=\"module_row themify_builder_row fullwidth tb_gtls946 tf_w tf_clearfix\">\n\t\t\t\t\t<div class=\"row_inner col_align_top tb_col_count_1 tf_box tf_rel\">\n\t\t\t\t\t<div  data-lazy=\"1\" class=\"module_column tb-column col-full tb_6mvv946 first\">\n\t\t\t\t\t\t\t\t\t<div class=\"tb-column-inner tf_box tf_w\">\n\t\t\t\t<!-- module buttons -->\n<div  class=\"module module-buttons tb_gjd4334 buttons-horizontal solid  circle\" data-lazy=\"1\">\n\t\t<div class=\"module-buttons-item tf_inline_b\">\n\t\t\t\t\t\t<a href=\"https:\/\/fashionedproject.eu\/wp-content\/uploads\/2024\/10\/RO_Collection-of-Good-Practices-in-Eco-Design-in-Fashion.pdf\" class=\"ui builder_button green\" target=\"_blank\" rel=\"noopener\">\n\t\t\t\t\t\t\t\t<span class=\"tf_inline_b tf_vmiddle\">COLEC\u021aIE DE BUNE PRACTICI IN ECO DESIGN IN MOD\u0102<\/span>\n\t\t\t\t\t\t\t\t\t\t\t\t<\/a>\n\t\t\t\t\t\t<\/div>\n\t\t\t<\/div>\n<!-- \/module buttons -->\n\t\t\t\t<\/div><!-- .tb-column-inner -->\n\t\t\t\t\t\t<\/div><!-- .module_column -->\n\t\t\t\t\t\t<\/div><!-- .row_inner -->\n\t\t<\/div><!-- .module_row -->\n\t\t\t\t<\/div>\n<!--\/themify_builder_content-->","protected":false},"excerpt":{"rendered":"<p>Cursul online este conceput pentru studen\u021bii \u0219i profesioni\u0219tii din domeniul modei \u0219i a textilelor, interesa\u021bi de eco-design. Acesta ofer\u0103 materiale captivante, inclusiv studii de caz, concentr\u00e2ndu-se pe practici durabile. Finalizarea cursului va duce la o mai bun\u0103 \u00een\u021belegere a conceptului de eco-design, la dezvoltarea abilit\u0103\u021bilor \u00een procese durabile \u0219i la \u00eencurajarea adoptarii practicilor ecologice \u00een [&hellip;]<\/p>\n","protected":false},"author":1,"featured_media":0,"parent":0,"menu_order":0,"comment_status":"closed","ping_status":"closed","template":"","meta":{"footnotes":""},"class_list":["post-1114","page","type-page","status-publish","hentry","has-post-title","has-post-date","has-post-category","has-post-tag","has-post-comment","has-post-author",""],"builder_content":"<img src=\"https:\/\/fashionedproject.eu\/wp-content\/uploads\/2024\/01\/Header2.png\" title=\"Header2\" alt=\"Header2\" srcset=\"https:\/\/fashionedproject.eu\/wp-content\/uploads\/2024\/01\/Header2.png 1600w, https:\/\/fashionedproject.eu\/wp-content\/uploads\/2024\/01\/Header2-300x65.png 300w, https:\/\/fashionedproject.eu\/wp-content\/uploads\/2024\/01\/Header2-1024x221.png 1024w, https:\/\/fashionedproject.eu\/wp-content\/uploads\/2024\/01\/Header2-768x166.png 768w, https:\/\/fashionedproject.eu\/wp-content\/uploads\/2024\/01\/Header2-1536x331.png 1536w\" sizes=\"(max-width: 1600px) 100vw, 1600px\" \/>\n<p>Cursul online este conceput pentru studen\u021bii \u0219i profesioni\u0219tii din domeniul modei \u0219i a textilelor, interesa\u021bi de eco-design. Acesta ofer\u0103 materiale captivante, inclusiv studii de caz, concentr\u00e2ndu-se pe practici durabile. Finalizarea cursului va duce la o mai bun\u0103 \u00een\u021belegere a conceptului de eco-design, la dezvoltarea abilit\u0103\u021bilor \u00een procese durabile \u0219i la \u00eencurajarea adoptarii practicilor ecologice \u00een industria modei \u0219i a textilelor.<\/p>\n<p><strong>Cursul este disponibil \u00een limba englez\u0103, greac\u0103, spaniol\u0103, lituanian\u0103, rom\u00e2n\u0103 \u0219i olandez\u0103.<\/strong><\/p>\n<a href=\"https:\/\/learn.fashionedproject.eu\/course\/view.php?id=13\" target=\"_blank\" rel=\"noopener\"> Intr\u0103 \u00een platforma de eLearning <\/a>\n<img src=\"https:\/\/fashionedproject.eu\/wp-content\/uploads\/2024\/01\/undraw_online_test_re_kyfx-311x261.png\" width=\"311\" height=\"261\" title=\"undraw_online_test_re_kyfx\" alt=\"undraw_online_test_re_kyfx\">\n<a href=\"https:\/\/fashionedproject.eu\/wp-content\/uploads\/2024\/10\/RO_Collection-of-Good-Practices-in-Eco-Design-in-Fashion.pdf\" target=\"_blank\" rel=\"noopener\"> COLEC\u021aIE DE BUNE PRACTICI IN ECO DESIGN IN MOD\u0102 <\/a>","_links":{"self":[{"href":"https:\/\/fashionedproject.eu\/ro\/wp-json\/wp\/v2\/pages\/1114","targetHints":{"allow":["GET"]}}],"collection":[{"href":"https:\/\/fashionedproject.eu\/ro\/wp-json\/wp\/v2\/pages"}],"about":[{"href":"https:\/\/fashionedproject.eu\/ro\/wp-json\/wp\/v2\/types\/page"}],"author":[{"embeddable":true,"href":"https:\/\/fashionedproject.eu\/ro\/wp-json\/wp\/v2\/users\/1"}],"replies":[{"embeddable":true,"href":"https:\/\/fashionedproject.eu\/ro\/wp-json\/wp\/v2\/comments?post=1114"}],"version-history":[{"count":13,"href":"https:\/\/fashionedproject.eu\/ro\/wp-json\/wp\/v2\/pages\/1114\/revisions"}],"predecessor-version":[{"id":3039,"href":"https:\/\/fashionedproject.eu\/ro\/wp-json\/wp\/v2\/pages\/1114\/revisions\/3039"}],"wp:attachment":[{"href":"https:\/\/fashionedproject.eu\/ro\/wp-json\/wp\/v2\/media?parent=1114"}],"curies":[{"name":"wp","href":"https:\/\/api.w.org\/{rel}","templated":true}]}}